{"id":156,"date":"2019-10-30T11:59:27","date_gmt":"2019-10-30T09:59:27","guid":{"rendered":"https:\/\/www.koskentoppari.fi\/?page_id=156"},"modified":"2026-04-08T13:14:45","modified_gmt":"2026-04-08T10:14:45","slug":"cafe-restaurant","status":"publish","type":"page","link":"https:\/\/www.koskentoppari.fi\/en\/","title":{"rendered":"Caf\u00e9-Restaurant"},"content":{"rendered":"<div>\n<p>        <img decoding=\"async\" src=\"\/wp-content\/uploads\/2019\/10\/koskentoppari-lounaspoyta2.jpg\" alt=\"Kosken Toppari\"><\/p>\n<h2>Kosken Toppari<\/h2>\n<p>Caf\u00e9, Restaurant at Taivalkoski, Finland<\/p>\n<\/div>\n<p><img decoding=\"async\" src=\"\/wp-content\/uploads\/2019\/10\/kosketoppari-kahvila2.jpg\" alt=\"\"><\/p>\n<h2>Kosken Toppari<\/h2>\n<h1>Caf\u00e9, Restaurant at Taivalkoski, Finland<\/h1>\n<ul>\n<li>\n<h2>Open<\/h2>\n<div>\n<p>MON-SAT\u00a0 8-21<br \/>SUN and holidays 10-21<\/p>\n<\/div>\n<\/li>\n<li>\n<h2>Ala Carte<\/h2>\n<div>\n<p class=\"p1\"><span class=\"s1\">MON &#8211; FRI 10.30-20.30<br \/>SAT &#8211; SUN 11.00-20.30<\/span><\/p>\n<\/div>\n<\/li>\n<li>\n<h2>Lunch<\/h2>\n<div>\n<p class=\"p1\"><span class=\"s1\">MON &#8211; SAT<span class=\"Apple-converted-space\">\u00a0 <\/span>10.30 \u2013 15.00<br \/>SUN 11.00 \u2013 15.00<\/span><\/p>\n<\/div>\n<\/li>\n<\/ul>\n<ul>\n<li>\n<p>\n        <a href=\"https:\/\/goo.gl\/maps\/19sAhtoLX1zg7uPW9\">Location<\/a>\n    <\/p>\n<\/li>\n<li>\n<p>\n        <a href=\"tel:+358405528897\">+358 40 5528 897<\/a>\n    <\/p>\n<\/li>\n<\/ul>\n<div>\n<p class=\"p1\"><span class=\"s1\">Kosken Toppari is a private caf\u00e9 &#8211; restaurant located on the Oulu &#8211; Kuusamo road in Taivalkoski.\u00a0<\/span><span class=\"s1\">In the same yard is the ABC gas station.<\/p>\n<p>We serve a delicious lunch every day and at your disposal is also our delicious Ala carte list.\u00a0<\/span><span class=\"s1\">Our caf\u00e9 offers a wide selection of pastries and snacks for coffee. <\/span><\/p>\n<p class=\"p1\"><span class=\"s1\">You can buy groceries, toiletries and some car accessories at the kiosk.\u00a0<\/span><span class=\"s1\">For sweet starvation you will find Reissumies candys, ice cream from J\u00e4tskiauto and Valio.\u00a0<\/span><span class=\"s1\">We also have a Veikkaus betting desk.<\/p>\n<p>Meetings can also be organized in our premises.<\/span><\/p>\n<p class=\"uk-h4\">Welcome to shopping and bun coffee!<\/p>\n<\/div>\n<ul>\n<li>\n<p>        <img decoding=\"async\" src=\"\/wp-content\/uploads\/2019\/10\/kosketoppari-kahvila2.jpg\" alt=\"\"><\/p>\n<h3>kosketoppari-kahvila2<\/h3>\n<\/li>\n<li>\n<p>        <img decoding=\"async\" src=\"\/wp-content\/uploads\/2019\/10\/koskentoppari-leivonnaiset.jpg\" alt=\"\"><\/p>\n<h3>koskentoppari-leivonnaiset<\/h3>\n<\/li>\n<li>\n<p>        <img decoding=\"async\" src=\"\/wp-content\/uploads\/2019\/10\/kosketoppari-kahvila.jpg\" alt=\"\"><\/p>\n<h3>kosketoppari-kahvila<\/h3>\n<\/li>\n<li>\n<p>        <img decoding=\"async\" src=\"\/wp-content\/uploads\/2019\/10\/kosketoppari-kahvila2-1.jpg\" alt=\"\"><\/p>\n<h3>kosketoppari-kahvila2<\/h3>\n<\/li>\n<li>\n<p>        <img decoding=\"async\" src=\"\/wp-content\/uploads\/2019\/10\/koskentoppari-lounas3.jpg\" alt=\"\"><\/p>\n<h3>koskentoppari-lounas3<\/h3>\n<\/li>\n<li>\n<p>        <img decoding=\"async\" src=\"\/wp-content\/uploads\/2019\/10\/koskentoppari-lounas.jpg\" alt=\"\"><\/p>\n<h3>koskentoppari-lounas<\/h3>\n<\/li>\n<li>\n<p>        <img decoding=\"async\" src=\"\/wp-content\/uploads\/2019\/10\/koskentoppari-makeiset.jpg\" alt=\"\"><\/p>\n<h3>koskentoppari-makeiset<\/h3>\n<\/li>\n<li>\n<p>        <img decoding=\"async\" src=\"\/wp-content\/uploads\/2019\/10\/koskentoppari-myymala.jpg\" alt=\"\"><\/p>\n<h3>koskentoppari-myymala<\/h3>\n<\/li>\n<\/ul>\n<p><!--more--><br \/>\n<!-- {\"children\":[{\"type\":\"section\",\"props\":{\"class\":\"uk-visible@m\",\"image_position\":\"center-center\",\"padding\":\"none\",\"style\":\"default\",\"title_breakpoint\":\"xl\",\"title_position\":\"top-left\",\"title_rotation\":\"left\",\"vertical_align\":\"middle\",\"width\":\"\"},\"children\":[{\"type\":\"row\",\"children\":[{\"type\":\"column\",\"props\":{\"image_position\":\"center-center\",\"position_sticky_breakpoint\":\"m\"},\"children\":[{\"type\":\"overlay\",\"props\":{\"image\":\"wp-content\\\/uploads\\\/2019\\\/10\\\/koskentoppari-lounaspoyta2.jpg\",\"image_alt\":\"Kosken Toppari\",\"link_style\":\"default\",\"link_text\":\"Read more\",\"margin\":\"default\",\"media_overlay\":\"rgba(0, 0, 0, 0.2)\",\"meta\":\"Caf\\u00e9, Restaurant at Taivalkoski, Finland\",\"meta_align\":\"below-title\",\"meta_element\":\"h1\",\"meta_margin\":\"small\",\"meta_style\":\"heading-small\",\"overlay_hover\":false,\"overlay_mode\":\"cover\",\"overlay_position\":\"center\",\"overlay_style\":\"\",\"overlay_transition\":\"fade\",\"text_align\":\"center\",\"text_color\":\"light\",\"title\":\"Kosken Toppari\",\"title_element\":\"h2\",\"title_hover_style\":\"reset\",\"title_style\":\"heading-large\"}}]}]}],\"name\":\"iso\"},{\"type\":\"section\",\"props\":{\"class\":\"uk-hidden@m\",\"image_position\":\"center-center\",\"padding_remove_top\":true,\"style\":\"primary\",\"title_breakpoint\":\"xl\",\"title_position\":\"top-left\",\"title_rotation\":\"left\",\"vertical_align\":\"middle\",\"width\":\"\"},\"children\":[{\"type\":\"row\",\"children\":[{\"type\":\"column\",\"props\":{\"image_position\":\"center-center\",\"position_sticky_breakpoint\":\"m\"},\"children\":[{\"type\":\"image\",\"props\":{\"image\":\"wp-content\\\/uploads\\\/2019\\\/10\\\/kosketoppari-kahvila2.jpg\",\"image_svg_color\":\"emphasis\",\"margin\":\"default\"}},{\"type\":\"headline\",\"props\":{\"class\":\"uk-hidden@m\",\"content\":\"Kosken Toppari\",\"text_align\":\"center\",\"title_element\":\"h2\",\"title_style\":\"heading-medium\"}},{\"type\":\"headline\",\"props\":{\"class\":\"uk-hidden@m\",\"content\":\"Caf\\u00e9, Restaurant at Taivalkoski, Finland\",\"margin\":\"small\",\"margin_remove_top\":true,\"text_align\":\"center\",\"title_element\":\"h1\",\"title_style\":\"h2\"}}]}]}],\"name\":\"pieni\"},{\"type\":\"section\",\"props\":{\"image_position\":\"center-center\",\"preserve_color\":false,\"style\":\"muted\",\"title_breakpoint\":\"xl\",\"title_position\":\"top-left\",\"title_rotation\":\"left\",\"vertical_align\":\"\",\"width\":\"default\"},\"children\":[{\"type\":\"row\",\"props\":{\"divider\":true,\"layout\":\"1-3,2-3\"},\"children\":[{\"type\":\"column\",\"props\":{\"image_position\":\"center-center\",\"position_sticky_breakpoint\":\"m\",\"width_small\":\"1-3\"},\"children\":[{\"type\":\"grid\",\"props\":{\"content_column_breakpoint\":\"m\",\"content_margin\":\"remove\",\"filter_align\":\"left\",\"filter_all\":true,\"filter_grid_breakpoint\":\"m\",\"filter_grid_width\":\"auto\",\"filter_position\":\"top\",\"filter_style\":\"tab\",\"grid_column_gap\":\"small\",\"grid_default\":\"1\",\"grid_medium\":\"\",\"grid_row_gap\":\"small\",\"icon_width\":80,\"image_align\":\"top\",\"image_grid_breakpoint\":\"m\",\"image_grid_width\":\"1-2\",\"image_link\":true,\"image_svg_color\":\"emphasis\",\"item_animation\":true,\"lightbox_bg_close\":true,\"link_style\":\"default\",\"link_text\":\"\",\"margin\":\"default\",\"meta_align\":\"below-title\",\"meta_element\":\"div\",\"meta_style\":\"text-meta\",\"panel_padding\":\"small\",\"parallax_easing\":\"1\",\"show_content\":true,\"show_hover_image\":true,\"show_hover_video\":true,\"show_image\":true,\"show_link\":true,\"show_meta\":true,\"show_title\":true,\"show_video\":true,\"title_align\":\"top\",\"title_element\":\"h2\",\"title_grid_breakpoint\":\"m\",\"title_grid_width\":\"1-2\",\"title_hover_style\":\"reset\",\"title_link\":true,\"title_style\":\"h3\"},\"children\":[{\"type\":\"grid_item\",\"props\":{\"content\":\"\n\n<p>MON-SAT\\u00a0 8-21<br \\\/>SUN and holidays 10-21<\\\/p>\",\"title\":\"Open\"}},{\"type\":\"grid_item\",\"props\":{\"content\":\"\n\n<p class=\\\"p1\\\"><span class=\\\"s1\\\">MON - FRI 10.30-20.30<br \\\/>SAT - SUN 11.00-20.30<\\\/span><\\\/p>\",\"title\":\"Ala Carte\"}},{\"type\":\"grid_item\",\"props\":{\"content\":\"\n\n<p class=\\\"p1\\\"><span class=\\\"s1\\\">MON - SAT<span class=\\\"Apple-converted-space\\\">\\u00a0 <\\\/span>10.30 \\u2013 15.00<br \\\/>SUN 11.00 \\u2013 15.00<\\\/span><\\\/p>\",\"title\":\"Lunch\"}}]},{\"type\":\"button\",\"props\":{\"grid_column_gap\":\"small\",\"grid_row_gap\":\"small\",\"margin\":\"default\"},\"children\":[{\"type\":\"button_item\",\"props\":{\"button_style\":\"text\",\"content\":\"Location\",\"dialog_layout\":\"modal\",\"dialog_offcanvas_flip\":true,\"icon\":\"location\",\"icon_align\":\"left\",\"link\":\"https:\\\/\\\/goo.gl\\\/maps\\\/19sAhtoLX1zg7uPW9\",\"link_target\":\"blank\"}},{\"type\":\"button_item\",\"props\":{\"button_style\":\"text\",\"content\":\"+358 40 5528 897\",\"dialog_layout\":\"modal\",\"dialog_offcanvas_flip\":true,\"icon\":\"receiver\",\"icon_align\":\"left\",\"link\":\"tel:+358405528897\"}}]}]},{\"type\":\"column\",\"props\":{\"image_position\":\"center-center\",\"position_sticky_breakpoint\":\"m\",\"width_small\":\"2-3\"},\"children\":[{\"type\":\"text\",\"props\":{\"block_align\":\"center\",\"column_breakpoint\":\"m\",\"content\":\"\n\n<p class=\\\"p1\\\"><span class=\\\"s1\\\">Kosken Toppari is a private caf\\u00e9 - restaurant located on the Oulu - Kuusamo road in Taivalkoski.\\u00a0<\\\/span><span class=\\\"s1\\\">In the same yard is the ABC gas station.<br \\\/><br \\\/>We serve a delicious lunch every day and at your disposal is also our delicious Ala carte list.\\u00a0<\\\/span><span class=\\\"s1\\\">Our caf\\u00e9 offers a wide selection of pastries and snacks for coffee. <\\\/span><\\\/p>\\n\n\n<p class=\\\"p1\\\"><span class=\\\"s1\\\">You can buy groceries, toiletries and some car accessories at the kiosk.\\u00a0<\\\/span><span class=\\\"s1\\\">For sweet starvation you will find Reissumies candys, ice cream from J\\u00e4tskiauto and Valio.\\u00a0<\\\/span><span class=\\\"s1\\\">We also have a Veikkaus betting desk.<br \\\/><br \\\/>Meetings can also be organized in our premises.<\\\/span><\\\/p>\\n\n\n<p class=\\\"uk-h4\\\">Welcome to shopping and bun coffee!<\\\/p>\",\"margin\":\"default\"}}]}]}]},{\"type\":\"section\",\"props\":{\"image_position\":\"center-center\",\"padding\":\"none\",\"style\":\"default\",\"title_breakpoint\":\"xl\",\"title_position\":\"top-left\",\"title_rotation\":\"left\",\"vertical_align\":\"\",\"width\":\"\"},\"children\":[{\"type\":\"row\",\"children\":[{\"type\":\"column\",\"props\":{\"image_position\":\"center-center\",\"position_sticky_breakpoint\":\"m\",\"width_medium\":\"1-1\"},\"children\":[{\"type\":\"overlay-slider\",\"props\":{\"image_height\":\"600\",\"image_transition\":\"scale-up\",\"image_width\":\"800\",\"link_style\":\"default\",\"link_text\":\"Read more\",\"margin\":\"default\",\"meta_align\":\"below-title\",\"meta_element\":\"div\",\"meta_style\":\"text-meta\",\"nav\":\"\",\"nav_align\":\"center\",\"nav_below\":true,\"nav_breakpoint\":\"s\",\"nav_position\":\"bottom-center\",\"nav_position_margin\":\"medium\",\"overlay_display\":\"hover\",\"overlay_mode\":\"cover\",\"overlay_position\":\"center\",\"overlay_transition\":\"fade\",\"show_content\":false,\"show_hover_image\":true,\"show_hover_video\":true,\"show_link\":true,\"show_meta\":false,\"show_title\":false,\"slidenav\":\"default\",\"slidenav_breakpoint\":\"s\",\"slidenav_hover\":true,\"slidenav_margin\":\"medium\",\"slidenav_outside_breakpoint\":\"xl\",\"slider_autoplay\":true,\"slider_autoplay_interval\":\"3\",\"slider_autoplay_pause\":false,\"slider_center\":false,\"slider_gap\":\"\",\"slider_velocity\":\"1\",\"slider_width\":\"fixed\",\"slider_width_default\":\"1-1\",\"slider_width_large\":\"1-5\",\"slider_width_medium\":\"1-3\",\"slider_width_small\":\"1-2\",\"text_align\":\"center\",\"title_element\":\"h3\",\"title_hover_style\":\"reset\"},\"children\":[{\"type\":\"overlay-slider_item\",\"props\":{\"image\":\"wp-content\\\/uploads\\\/2019\\\/10\\\/kosketoppari-kahvila2.jpg\",\"title\":\"kosketoppari-kahvila2\"}},{\"type\":\"overlay-slider_item\",\"props\":{\"image\":\"wp-content\\\/uploads\\\/2019\\\/10\\\/koskentoppari-leivonnaiset.jpg\",\"title\":\"koskentoppari-leivonnaiset\"}},{\"type\":\"overlay-slider_item\",\"props\":{\"image\":\"wp-content\\\/uploads\\\/2019\\\/10\\\/kosketoppari-kahvila.jpg\",\"title\":\"kosketoppari-kahvila\"}},{\"type\":\"overlay-slider_item\",\"props\":{\"image\":\"wp-content\\\/uploads\\\/2019\\\/10\\\/kosketoppari-kahvila2-1.jpg\",\"title\":\"kosketoppari-kahvila2\"}},{\"type\":\"overlay-slider_item\",\"props\":{\"image\":\"wp-content\\\/uploads\\\/2019\\\/10\\\/koskentoppari-lounas3.jpg\",\"title\":\"koskentoppari-lounas3\"}},{\"type\":\"overlay-slider_item\",\"props\":{\"image\":\"wp-content\\\/uploads\\\/2019\\\/10\\\/koskentoppari-lounas.jpg\",\"title\":\"koskentoppari-lounas\"}},{\"type\":\"overlay-slider_item\",\"props\":{\"image\":\"wp-content\\\/uploads\\\/2019\\\/10\\\/koskentoppari-makeiset.jpg\",\"title\":\"koskentoppari-makeiset\"}},{\"type\":\"overlay-slider_item\",\"props\":{\"image\":\"wp-content\\\/uploads\\\/2019\\\/10\\\/koskentoppari-myymala.jpg\",\"title\":\"koskentoppari-myymala\"}}]}]}]}]}],\"version\":\"4.5.32\",\"type\":\"layout\"} --><\/p>\n","protected":false},"excerpt":{"rendered":"<p>Kosken Toppari Caf\u00e9, Restaurant at Taivalkoski, Finland Kosken Toppari Caf\u00e9, Restaurant at Taivalkoski, Finland Open MON-SAT\u00a0 8-21SUN and holidays 10-21 Ala Carte MON &#8211; FRI 10.30-20.30SAT &#8211; SUN 11.00-20.30 Lunch MON &#8211; SAT\u00a0 10.30 \u2013 15.00SUN 11.00 \u2013 15.00 Location +358 40 5528 897 Kosken Toppari is a private caf\u00e9 &#8211; restaurant located on the [&hellip;]<\/p>\n","protected":false},"author":4,"featured_media":162,"parent":0,"menu_order":0,"comment_status":"closed","ping_status":"closed","template":"","meta":{"footnotes":""},"class_list":["post-156","page","type-page","status-publish","has-post-thumbnail","hentry"],"yoast_head":"<!-- This site is optimized with the Yoast SEO plugin v27.3 - https:\/\/yoast.com\/product\/yoast-seo-wordpress\/ -->\n<title>Caf\u00e9-Restaurant - Kosken Toppari, Taivalkoski, Finland<\/title>\n<meta name=\"description\" content=\"Kosken Toppari is a private caf\u00e9 - restaurant in Taivalkoski. We serve lunch and Ala carte every day. Our caf\u00e9 offers pastries and snacks for coffee.\" \/>\n<meta name=\"robots\" content=\"index, follow, max-snippet:-1, max-image-preview:large, max-video-preview:-1\" \/>\n<link rel=\"canonical\" href=\"https:\/\/www.koskentoppari.fi\/en\/\" \/>\n<meta property=\"og:locale\" content=\"en_US\" \/>\n<meta property=\"og:type\" content=\"article\" \/>\n<meta property=\"og:title\" content=\"Caf\u00e9-Restaurant - Kosken Toppari, Taivalkoski, Finland\" \/>\n<meta property=\"og:description\" content=\"Kosken Toppari is a private caf\u00e9 - restaurant in Taivalkoski. We serve lunch and Ala carte every day. Our caf\u00e9 offers pastries and snacks for coffee.\" \/>\n<meta property=\"og:url\" content=\"https:\/\/www.koskentoppari.fi\/en\/\" \/>\n<meta property=\"og:site_name\" content=\"Kosken Toppari, Taivalkoski, Finland\" \/>\n<meta property=\"article:publisher\" content=\"https:\/\/www.facebook.com\/koskentoppari\" \/>\n<meta property=\"article:modified_time\" content=\"2026-04-08T10:14:45+00:00\" \/>\n<meta property=\"og:image\" content=\"https:\/\/www.koskentoppari.fi\/wp-content\/uploads\/2019\/10\/koskentoppari-lounaspoyta.jpg\" \/>\n\t<meta property=\"og:image:width\" content=\"2000\" \/>\n\t<meta property=\"og:image:height\" content=\"757\" \/>\n\t<meta property=\"og:image:type\" content=\"image\/jpeg\" \/>\n<meta name=\"twitter:card\" content=\"summary_large_image\" \/>\n<meta name=\"twitter:label1\" content=\"Est. reading time\" \/>\n\t<meta name=\"twitter:data1\" content=\"1 minute\" \/>\n<script type=\"application\/ld+json\" class=\"yoast-schema-graph\">{\"@context\":\"https:\\\/\\\/schema.org\",\"@graph\":[{\"@type\":\"WebPage\",\"@id\":\"https:\\\/\\\/www.koskentoppari.fi\\\/en\\\/\",\"url\":\"https:\\\/\\\/www.koskentoppari.fi\\\/en\\\/\",\"name\":\"Caf\u00e9-Restaurant - Kosken Toppari, Taivalkoski, Finland\",\"isPartOf\":{\"@id\":\"https:\\\/\\\/www.koskentoppari.fi\\\/en\\\/#website\"},\"primaryImageOfPage\":{\"@id\":\"https:\\\/\\\/www.koskentoppari.fi\\\/en\\\/#primaryimage\"},\"image\":{\"@id\":\"https:\\\/\\\/www.koskentoppari.fi\\\/en\\\/#primaryimage\"},\"thumbnailUrl\":\"https:\\\/\\\/www.koskentoppari.fi\\\/wp-content\\\/uploads\\\/2019\\\/10\\\/koskentoppari-lounaspoyta.jpg\",\"datePublished\":\"2019-10-30T09:59:27+00:00\",\"dateModified\":\"2026-04-08T10:14:45+00:00\",\"description\":\"Kosken Toppari is a private caf\u00e9 - restaurant in Taivalkoski. We serve lunch and Ala carte every day. Our caf\u00e9 offers pastries and snacks for coffee.\",\"breadcrumb\":{\"@id\":\"https:\\\/\\\/www.koskentoppari.fi\\\/en\\\/#breadcrumb\"},\"inLanguage\":\"en-US\",\"potentialAction\":[{\"@type\":\"ReadAction\",\"target\":[\"https:\\\/\\\/www.koskentoppari.fi\\\/en\\\/\"]}]},{\"@type\":\"ImageObject\",\"inLanguage\":\"en-US\",\"@id\":\"https:\\\/\\\/www.koskentoppari.fi\\\/en\\\/#primaryimage\",\"url\":\"https:\\\/\\\/www.koskentoppari.fi\\\/wp-content\\\/uploads\\\/2019\\\/10\\\/koskentoppari-lounaspoyta.jpg\",\"contentUrl\":\"https:\\\/\\\/www.koskentoppari.fi\\\/wp-content\\\/uploads\\\/2019\\\/10\\\/koskentoppari-lounaspoyta.jpg\",\"width\":2000,\"height\":757,\"caption\":\"kosken topparin myym\u00e4l\u00e4\"},{\"@type\":\"BreadcrumbList\",\"@id\":\"https:\\\/\\\/www.koskentoppari.fi\\\/en\\\/#breadcrumb\",\"itemListElement\":[{\"@type\":\"ListItem\",\"position\":1,\"name\":\"Home\",\"item\":\"https:\\\/\\\/www.koskentoppari.fi\\\/en\\\/\"},{\"@type\":\"ListItem\",\"position\":2,\"name\":\"Caf\u00e9-Restaurant\"}]},{\"@type\":\"WebSite\",\"@id\":\"https:\\\/\\\/www.koskentoppari.fi\\\/en\\\/#website\",\"url\":\"https:\\\/\\\/www.koskentoppari.fi\\\/en\\\/\",\"name\":\"Kosken Toppari, Taivalkoski, Finland\",\"description\":\"Taivalkoski\",\"potentialAction\":[{\"@type\":\"SearchAction\",\"target\":{\"@type\":\"EntryPoint\",\"urlTemplate\":\"https:\\\/\\\/www.koskentoppari.fi\\\/en\\\/?s={search_term_string}\"},\"query-input\":{\"@type\":\"PropertyValueSpecification\",\"valueRequired\":true,\"valueName\":\"search_term_string\"}}],\"inLanguage\":\"en-US\"}]}<\/script>\n<!-- \/ Yoast SEO plugin. -->","yoast_head_json":{"title":"Caf\u00e9-Restaurant - Kosken Toppari, Taivalkoski, Finland","description":"Kosken Toppari is a private caf\u00e9 - restaurant in Taivalkoski. We serve lunch and Ala carte every day. Our caf\u00e9 offers pastries and snacks for coffee.","robots":{"index":"index","follow":"follow","max-snippet":"max-snippet:-1","max-image-preview":"max-image-preview:large","max-video-preview":"max-video-preview:-1"},"canonical":"https:\/\/www.koskentoppari.fi\/en\/","og_locale":"en_US","og_type":"article","og_title":"Caf\u00e9-Restaurant - Kosken Toppari, Taivalkoski, Finland","og_description":"Kosken Toppari is a private caf\u00e9 - restaurant in Taivalkoski. We serve lunch and Ala carte every day. Our caf\u00e9 offers pastries and snacks for coffee.","og_url":"https:\/\/www.koskentoppari.fi\/en\/","og_site_name":"Kosken Toppari, Taivalkoski, Finland","article_publisher":"https:\/\/www.facebook.com\/koskentoppari","article_modified_time":"2026-04-08T10:14:45+00:00","og_image":[{"width":2000,"height":757,"url":"https:\/\/www.koskentoppari.fi\/wp-content\/uploads\/2019\/10\/koskentoppari-lounaspoyta.jpg","type":"image\/jpeg"}],"twitter_card":"summary_large_image","twitter_misc":{"Est. reading time":"1 minute"},"schema":{"@context":"https:\/\/schema.org","@graph":[{"@type":"WebPage","@id":"https:\/\/www.koskentoppari.fi\/en\/","url":"https:\/\/www.koskentoppari.fi\/en\/","name":"Caf\u00e9-Restaurant - Kosken Toppari, Taivalkoski, Finland","isPartOf":{"@id":"https:\/\/www.koskentoppari.fi\/en\/#website"},"primaryImageOfPage":{"@id":"https:\/\/www.koskentoppari.fi\/en\/#primaryimage"},"image":{"@id":"https:\/\/www.koskentoppari.fi\/en\/#primaryimage"},"thumbnailUrl":"https:\/\/www.koskentoppari.fi\/wp-content\/uploads\/2019\/10\/koskentoppari-lounaspoyta.jpg","datePublished":"2019-10-30T09:59:27+00:00","dateModified":"2026-04-08T10:14:45+00:00","description":"Kosken Toppari is a private caf\u00e9 - restaurant in Taivalkoski. We serve lunch and Ala carte every day. Our caf\u00e9 offers pastries and snacks for coffee.","breadcrumb":{"@id":"https:\/\/www.koskentoppari.fi\/en\/#breadcrumb"},"inLanguage":"en-US","potentialAction":[{"@type":"ReadAction","target":["https:\/\/www.koskentoppari.fi\/en\/"]}]},{"@type":"ImageObject","inLanguage":"en-US","@id":"https:\/\/www.koskentoppari.fi\/en\/#primaryimage","url":"https:\/\/www.koskentoppari.fi\/wp-content\/uploads\/2019\/10\/koskentoppari-lounaspoyta.jpg","contentUrl":"https:\/\/www.koskentoppari.fi\/wp-content\/uploads\/2019\/10\/koskentoppari-lounaspoyta.jpg","width":2000,"height":757,"caption":"kosken topparin myym\u00e4l\u00e4"},{"@type":"BreadcrumbList","@id":"https:\/\/www.koskentoppari.fi\/en\/#breadcrumb","itemListElement":[{"@type":"ListItem","position":1,"name":"Home","item":"https:\/\/www.koskentoppari.fi\/en\/"},{"@type":"ListItem","position":2,"name":"Caf\u00e9-Restaurant"}]},{"@type":"WebSite","@id":"https:\/\/www.koskentoppari.fi\/en\/#website","url":"https:\/\/www.koskentoppari.fi\/en\/","name":"Kosken Toppari, Taivalkoski, Finland","description":"Taivalkoski","potentialAction":[{"@type":"SearchAction","target":{"@type":"EntryPoint","urlTemplate":"https:\/\/www.koskentoppari.fi\/en\/?s={search_term_string}"},"query-input":{"@type":"PropertyValueSpecification","valueRequired":true,"valueName":"search_term_string"}}],"inLanguage":"en-US"}]}},"_links":{"self":[{"href":"https:\/\/www.koskentoppari.fi\/en\/wp-json\/wp\/v2\/pages\/156","targetHints":{"allow":["GET"]}}],"collection":[{"href":"https:\/\/www.koskentoppari.fi\/en\/wp-json\/wp\/v2\/pages"}],"about":[{"href":"https:\/\/www.koskentoppari.fi\/en\/wp-json\/wp\/v2\/types\/page"}],"author":[{"embeddable":true,"href":"https:\/\/www.koskentoppari.fi\/en\/wp-json\/wp\/v2\/users\/4"}],"replies":[{"embeddable":true,"href":"https:\/\/www.koskentoppari.fi\/en\/wp-json\/wp\/v2\/comments?post=156"}],"version-history":[{"count":25,"href":"https:\/\/www.koskentoppari.fi\/en\/wp-json\/wp\/v2\/pages\/156\/revisions"}],"predecessor-version":[{"id":1128,"href":"https:\/\/www.koskentoppari.fi\/en\/wp-json\/wp\/v2\/pages\/156\/revisions\/1128"}],"wp:featuredmedia":[{"embeddable":true,"href":"https:\/\/www.koskentoppari.fi\/en\/wp-json\/wp\/v2\/media\/162"}],"wp:attachment":[{"href":"https:\/\/www.koskentoppari.fi\/en\/wp-json\/wp\/v2\/media?parent=156"}],"curies":[{"name":"wp","href":"https:\/\/api.w.org\/{rel}","templated":true}]}}